{"id":378,"date":"2021-11-30T16:09:03","date_gmt":"2021-11-30T15:09:03","guid":{"rendered":"https:\/\/lamarisqueria.it\/?page_id=378"},"modified":"2026-03-24T16:38:37","modified_gmt":"2026-03-24T15:38:37","slug":"cucina-di-mare","status":"publish","type":"page","link":"https:\/\/lamarisqueria.it\/en\/cucina-di-mare\/","title":{"rendered":"Sea Food"},"content":{"rendered":"\t\t<div data-elementor-type=\"wp-page\" data-elementor-id=\"378\" class=\"elementor elementor-378\" data-elementor-post-type=\"page\">\n\t\t\t\t\t\t<section class=\"elementor-section elementor-top-section elementor-element elementor-element-551c1ee8 elementor-section-height-min-height elementor-section-content-middle elementor-section-items-stretch elementor-section-boxed elementor-section-height-default\" data-id=\"551c1ee8\" data-element_type=\"section\" data-settings=\"{&quot;background_background&quot;:&quot;classic&quot;,&quot;motion_fx_motion_fx_scrolling&quot;:&quot;yes&quot;,&quot;motion_fx_devices&quot;:[&quot;desktop&quot;,&quot;tablet&quot;,&quot;mobile&quot;]}\">\n\t\t\t\t\t\t<div class=\"elementor-container elementor-column-gap-wider\">\n\t\t\t\t\t<div class=\"elementor-column elementor-col-50 elementor-top-column elementor-element elementor-element-559b0d97\" data-id=\"559b0d97\" data-element_type=\"column\" data-settings=\"{&quot;background_background&quot;:&quot;classic&quot;}\">\n\t\t\t<div class=\"elementor-widget-wrap elementor-element-populated\">\n\t\t\t\t\t\t<div class=\"elementor-element elementor-element-30bd4153 elementor-hidden-desktop elementor-hidden-tablet elementor-hidden-mobile elementor-widget elementor-widget-heading\" data-id=\"30bd4153\" data-element_type=\"widget\" data-widget_type=\"heading.default\">\n\t\t\t\t<div class=\"elementor-widget-container\">\n\t\t\t\t\t<h3 class=\"elementor-heading-title elementor-size-default\">Page not found<\/h3>\t\t\t\t<\/div>\n\t\t\t\t<\/div>\n\t\t\t\t\t<\/div>\n\t\t<\/div>\n\t\t\t\t<div class=\"elementor-column elementor-col-50 elementor-top-column elementor-element elementor-element-792b97b2\" data-id=\"792b97b2\" data-element_type=\"column\">\n\t\t\t<div class=\"elementor-widget-wrap elementor-element-populated\">\n\t\t\t\t\t\t<div class=\"elementor-element elementor-element-3ad7e67 elementor-widget elementor-widget-heading\" data-id=\"3ad7e67\" data-element_type=\"widget\" data-widget_type=\"heading.default\">\n\t\t\t\t<div class=\"elementor-widget-container\">\n\t\t\t\t\t<h2 class=\"elementor-heading-title elementor-size-default\">Cucina di Mare<\/h2>\t\t\t\t<\/div>\n\t\t\t\t<\/div>\n\t\t\t\t<div class=\"elementor-element elementor-element-950a611 elementor-widget elementor-widget-icon-box\" data-id=\"950a611\" data-element_type=\"widget\" data-widget_type=\"icon-box.default\">\n\t\t\t\t<div class=\"elementor-widget-container\">\n\t\t\t\t\t\t\t<div class=\"elementor-icon-box-wrapper\">\n\n\t\t\t\n\t\t\t\t\t\t<div class=\"elementor-icon-box-content\">\n\n\t\t\t\t\t\t\t\t\t<h3 class=\"elementor-icon-box-title\">\n\t\t\t\t\t\t<span  >\n\t\t\t\t\t\t\tAmiamo cucinare per te...\t\t\t\t\t\t<\/span>\n\t\t\t\t\t<\/h3>\n\t\t\t\t\n\t\t\t\t\t\t\t\t\t<p class=\"elementor-icon-box-description\">\n\t\t\t\t\t\t... che amerai la nostra cucina di mare!\n<br>Qualunque sia il tuo stile di vita, da Marisqueria puoi trovare il pesce pi\u00f9 fresco, direttamente dal banco Pescheria, preparato dal nostro staff con le migliori ricette della tradizione locale. Ingredienti semplici e metodi di preparazione che garantiscono tutto il sapore pi\u00f9 autentico del mare e la genuinit\u00e0 di alimenti di prima scelta. In pi\u00f9, al nostro angolo gastronomia, trovi i piatti pronti da portare via o da consumare comodamente ai nostri tavoli.\t\t\t\t\t<\/p>\n\t\t\t\t\n\t\t\t<\/div>\n\t\t\t\n\t\t<\/div>\n\t\t\t\t\t\t<\/div>\n\t\t\t\t<\/div>\n\t\t\t\t<div class=\"elementor-element elementor-element-4d7976c elementor-align-center elementor-widget elementor-widget-button\" data-id=\"4d7976c\" data-element_type=\"widget\" data-widget_type=\"button.default\">\n\t\t\t\t<div class=\"elementor-widget-container\">\n\t\t\t\t\t\t\t\t\t<div class=\"elementor-button-wrapper\">\n\t\t\t\t\t<a class=\"elementor-button elementor-button-link elementor-size-sm\" href=\"https:\/\/www.foodbooking.com\/ordering\/restaurant\/menu?restaurant_uid=08a5f1c8-d830-4246-bb95-c2a92b0b7bb3&#038;client_is_mobile=true\" target=\"_blank\">\n\t\t\t\t\t\t<span class=\"elementor-button-content-wrapper\">\n\t\t\t\t\t\t<span class=\"elementor-button-icon\">\n\t\t\t\t<i aria-hidden=\"true\" class=\"fas fa-book-open\"><\/i>\t\t\t<\/span>\n\t\t\t\t\t\t\t\t\t<span class=\"elementor-button-text\">Menu &amp; Ordina<\/span>\n\t\t\t\t\t<\/span>\n\t\t\t\t\t<\/a>\n\t\t\t\t<\/div>\n\t\t\t\t\t\t\t\t<\/div>\n\t\t\t\t<\/div>\n\t\t\t\t\t<\/div>\n\t\t<\/div>\n\t\t\t\t\t<\/div>\n\t\t<\/section>\n\t\t\t\t<section class=\"elementor-section elementor-top-section elementor-element elementor-element-5614c55 elementor-section-boxed elementor-section-height-default elementor-section-height-default\" data-id=\"5614c55\" data-element_type=\"section\" data-settings=\"{&quot;background_background&quot;:&quot;classic&quot;}\">\n\t\t\t\t\t\t<div class=\"elementor-container elementor-column-gap-no\">\n\t\t\t\t\t<div class=\"elementor-column elementor-col-100 elementor-top-column elementor-element elementor-element-bfaac9e\" data-id=\"bfaac9e\" data-element_type=\"column\">\n\t\t\t<div class=\"elementor-widget-wrap elementor-element-populated\">\n\t\t\t\t\t\t<section class=\"elementor-section elementor-inner-section elementor-element elementor-element-e124ae1 elementor-section-content-middle elementor-section-boxed elementor-section-height-default elementor-section-height-default\" data-id=\"e124ae1\" data-element_type=\"section\">\n\t\t\t\t\t\t<div class=\"elementor-container elementor-column-gap-no\">\n\t\t\t\t\t<div class=\"elementor-column elementor-col-50 elementor-inner-column elementor-element elementor-element-c958292\" data-id=\"c958292\" data-element_type=\"column\" data-settings=\"{&quot;background_background&quot;:&quot;classic&quot;}\">\n\t\t\t<div class=\"elementor-widget-wrap elementor-element-populated\">\n\t\t\t\t\t\t<div class=\"elementor-element elementor-element-89056d4 elementor-widget elementor-widget-heading\" data-id=\"89056d4\" data-element_type=\"widget\" data-widget_type=\"heading.default\">\n\t\t\t\t<div class=\"elementor-widget-container\">\n\t\t\t\t\t<h3 class=\"elementor-heading-title elementor-size-large\">Tu scegli...<\/h3>\t\t\t\t<\/div>\n\t\t\t\t<\/div>\n\t\t\t\t<div class=\"elementor-element elementor-element-7e0d4e7 elementor-widget-divider--view-line elementor-widget elementor-widget-divider\" data-id=\"7e0d4e7\" data-element_type=\"widget\" data-widget_type=\"divider.default\">\n\t\t\t\t<div class=\"elementor-widget-container\">\n\t\t\t\t\t\t\t<div class=\"elementor-divider\">\n\t\t\t<span class=\"elementor-divider-separator\">\n\t\t\t\t\t\t<\/span>\n\t\t<\/div>\n\t\t\t\t\t\t<\/div>\n\t\t\t\t<\/div>\n\t\t\t\t<div class=\"elementor-element elementor-element-cb158c7 elementor-widget elementor-widget-text-editor\" data-id=\"cb158c7\" data-element_type=\"widget\" data-widget_type=\"text-editor.default\">\n\t\t\t\t<div class=\"elementor-widget-container\">\n\t\t\t\t\t\t\t\t\t<p>Da Marisqueria scopri un nuovo modo di mangiare il pesce pi\u00f9 fresco, ogni giorno. Il nostro banco Pescheria \u00e8 sempre ricco di materie prime di eccellenza e a te non resta che lasciarti ispirare dal pescato del giorno oppure dai consigli del nostro personale sempre attento ad ogni tua esigenza.<\/p>\t\t\t\t\t\t\t\t<\/div>\n\t\t\t\t<\/div>\n\t\t\t\t<div class=\"elementor-element elementor-element-0dafb97 elementor-hidden-desktop elementor-hidden-tablet elementor-hidden-mobile elementor-widget elementor-widget-button\" data-id=\"0dafb97\" data-element_type=\"widget\" data-widget_type=\"button.default\">\n\t\t\t\t<div class=\"elementor-widget-container\">\n\t\t\t\t\t\t\t\t\t<div class=\"elementor-button-wrapper\">\n\t\t\t\t\t<a class=\"elementor-button elementor-button-link elementor-size-sm\" href=\"#\">\n\t\t\t\t\t\t<span class=\"elementor-button-content-wrapper\">\n\t\t\t\t\t\t<span class=\"elementor-button-icon\">\n\t\t\t\t<i aria-hidden=\"true\" class=\"fas fa-fish\"><\/i>\t\t\t<\/span>\n\t\t\t\t\t\t\t\t\t<span class=\"elementor-button-text\">Scopri la nostra Pescheria<\/span>\n\t\t\t\t\t<\/span>\n\t\t\t\t\t<\/a>\n\t\t\t\t<\/div>\n\t\t\t\t\t\t\t\t<\/div>\n\t\t\t\t<\/div>\n\t\t\t\t\t<\/div>\n\t\t<\/div>\n\t\t\t\t<div class=\"elementor-column elementor-col-50 elementor-inner-column elementor-element elementor-element-13de01a\" data-id=\"13de01a\" data-element_type=\"column\" data-settings=\"{&quot;background_background&quot;:&quot;classic&quot;}\">\n\t\t\t<div class=\"elementor-widget-wrap elementor-element-populated\">\n\t\t\t\t\t\t<div class=\"elementor-element elementor-element-1d1b380 elementor-widget elementor-widget-spacer\" data-id=\"1d1b380\" data-element_type=\"widget\" data-widget_type=\"spacer.default\">\n\t\t\t\t<div class=\"elementor-widget-container\">\n\t\t\t\t\t\t\t<div class=\"elementor-spacer\">\n\t\t\t<div class=\"elementor-spacer-inner\"><\/div>\n\t\t<\/div>\n\t\t\t\t\t\t<\/div>\n\t\t\t\t<\/div>\n\t\t\t\t\t<\/div>\n\t\t<\/div>\n\t\t\t\t\t<\/div>\n\t\t<\/section>\n\t\t\t\t<section class=\"elementor-section elementor-inner-section elementor-element elementor-element-dc8833a elementor-section-content-middle elementor-reverse-mobile elementor-section-boxed elementor-section-height-default elementor-section-height-default\" data-id=\"dc8833a\" data-element_type=\"section\">\n\t\t\t\t\t\t<div class=\"elementor-container elementor-column-gap-no\">\n\t\t\t\t\t<div class=\"elementor-column elementor-col-50 elementor-inner-column elementor-element elementor-element-88a2b89\" data-id=\"88a2b89\" data-element_type=\"column\" data-settings=\"{&quot;background_background&quot;:&quot;slideshow&quot;,&quot;background_slideshow_gallery&quot;:[{&quot;id&quot;:1970,&quot;url&quot;:&quot;http:\\\/\\\/lamarisqueria.it\\\/wp-content\\\/uploads\\\/2024\\\/12\\\/primi-marisqueria-web-2.jpg&quot;},{&quot;id&quot;:1969,&quot;url&quot;:&quot;http:\\\/\\\/lamarisqueria.it\\\/wp-content\\\/uploads\\\/2024\\\/12\\\/baccaka-marisqueria.jpg&quot;},{&quot;id&quot;:402,&quot;url&quot;:&quot;http:\\\/\\\/lamarisqueria.it\\\/wp-content\\\/uploads\\\/2021\\\/12\\\/merluzzo-fresco-pronto-bari-marisqueria-pescheria-poggiofranco.jpg&quot;},{&quot;id&quot;:403,&quot;url&quot;:&quot;http:\\\/\\\/lamarisqueria.it\\\/wp-content\\\/uploads\\\/2021\\\/12\\\/seppie-fresche-pronte-bari-marisqueria-pescheria-poggiofranco-e1638551497472.jpg&quot;}],&quot;background_slideshow_slide_transition&quot;:&quot;slide_left&quot;,&quot;background_slideshow_loop&quot;:&quot;yes&quot;,&quot;background_slideshow_slide_duration&quot;:5000,&quot;background_slideshow_transition_duration&quot;:500}\">\n\t\t\t<div class=\"elementor-widget-wrap elementor-element-populated\">\n\t\t\t\t\t\t<div class=\"elementor-element elementor-element-3c0ca8d elementor-widget elementor-widget-spacer\" data-id=\"3c0ca8d\" data-element_type=\"widget\" data-widget_type=\"spacer.default\">\n\t\t\t\t<div class=\"elementor-widget-container\">\n\t\t\t\t\t\t\t<div class=\"elementor-spacer\">\n\t\t\t<div class=\"elementor-spacer-inner\"><\/div>\n\t\t<\/div>\n\t\t\t\t\t\t<\/div>\n\t\t\t\t<\/div>\n\t\t\t\t\t<\/div>\n\t\t<\/div>\n\t\t\t\t<div class=\"elementor-column elementor-col-50 elementor-inner-column elementor-element elementor-element-7a27439\" data-id=\"7a27439\" data-element_type=\"column\" data-settings=\"{&quot;background_background&quot;:&quot;classic&quot;}\">\n\t\t\t<div class=\"elementor-widget-wrap elementor-element-populated\">\n\t\t\t\t\t\t<div class=\"elementor-element elementor-element-b1f671e elementor-widget elementor-widget-heading\" data-id=\"b1f671e\" data-element_type=\"widget\" data-widget_type=\"heading.default\">\n\t\t\t\t<div class=\"elementor-widget-container\">\n\t\t\t\t\t<h3 class=\"elementor-heading-title elementor-size-large\">... noi cuciniamo!<\/h3>\t\t\t\t<\/div>\n\t\t\t\t<\/div>\n\t\t\t\t<div class=\"elementor-element elementor-element-d6b8043 elementor-widget-divider--view-line elementor-widget elementor-widget-divider\" data-id=\"d6b8043\" data-element_type=\"widget\" data-widget_type=\"divider.default\">\n\t\t\t\t<div class=\"elementor-widget-container\">\n\t\t\t\t\t\t\t<div class=\"elementor-divider\">\n\t\t\t<span class=\"elementor-divider-separator\">\n\t\t\t\t\t\t<\/span>\n\t\t<\/div>\n\t\t\t\t\t\t<\/div>\n\t\t\t\t<\/div>\n\t\t\t\t<div class=\"elementor-element elementor-element-e91d7d1 elementor-widget elementor-widget-text-editor\" data-id=\"e91d7d1\" data-element_type=\"widget\" data-widget_type=\"text-editor.default\">\n\t\t\t\t<div class=\"elementor-widget-container\">\n\t\t\t\t\t\t\t\t\t<p>Scegli gli ingredienti e le modalit\u00e0 di cottura che preferisci e lasciati coccolare dai nostri chef! Mentre ti accomodi ai nostri tavoli, all&#8217;interno della nostra Cucina di Mare prepariamo i tuoi piatti in maniera impeccabile. In poco tempo \u00e8 gi\u00e0 pronto e puoi decidere di rimanere a pranzo da noi oppure chiederci di preparare il tuo ordine per un asporto sempre pulito e comodo.\u00a0<\/p>\t\t\t\t\t\t\t\t<\/div>\n\t\t\t\t<\/div>\n\t\t\t\t<div class=\"elementor-element elementor-element-4471c7d elementor-align-center elementor-widget elementor-widget-button\" data-id=\"4471c7d\" data-element_type=\"widget\" data-widget_type=\"button.default\">\n\t\t\t\t<div class=\"elementor-widget-container\">\n\t\t\t\t\t\t\t\t\t<div class=\"elementor-button-wrapper\">\n\t\t\t\t\t<a class=\"elementor-button elementor-button-link elementor-size-sm\" href=\"https:\/\/www.foodbooking.com\/ordering\/restaurant\/menu?restaurant_uid=08a5f1c8-d830-4246-bb95-c2a92b0b7bb3&#038;client_is_mobile=true\" target=\"_blank\">\n\t\t\t\t\t\t<span class=\"elementor-button-content-wrapper\">\n\t\t\t\t\t\t<span class=\"elementor-button-icon\">\n\t\t\t\t<i aria-hidden=\"true\" class=\"fas fa-book-open\"><\/i>\t\t\t<\/span>\n\t\t\t\t\t\t\t\t\t<span class=\"elementor-button-text\">Menu &amp; Ordina<\/span>\n\t\t\t\t\t<\/span>\n\t\t\t\t\t<\/a>\n\t\t\t\t<\/div>\n\t\t\t\t\t\t\t\t<\/div>\n\t\t\t\t<\/div>\n\t\t\t\t\t<\/div>\n\t\t<\/div>\n\t\t\t\t\t<\/div>\n\t\t<\/section>\n\t\t\t\t<section class=\"elementor-section elementor-inner-section elementor-element elementor-element-a448c14 elementor-section-content-middle elementor-section-boxed elementor-section-height-default elementor-section-height-default\" data-id=\"a448c14\" data-element_type=\"section\">\n\t\t\t\t\t\t<div class=\"elementor-container elementor-column-gap-no\">\n\t\t\t\t\t<div class=\"elementor-column elementor-col-50 elementor-inner-column elementor-element elementor-element-97bd5e3\" data-id=\"97bd5e3\" data-element_type=\"column\" data-settings=\"{&quot;background_background&quot;:&quot;classic&quot;}\">\n\t\t\t<div class=\"elementor-widget-wrap elementor-element-populated\">\n\t\t\t\t\t\t<div class=\"elementor-element elementor-element-a64d672 elementor-widget elementor-widget-heading\" data-id=\"a64d672\" data-element_type=\"widget\" data-widget_type=\"heading.default\">\n\t\t\t\t<div class=\"elementor-widget-container\">\n\t\t\t\t\t<h3 class=\"elementor-heading-title elementor-size-large\">Due ambienti con tavoli all'aperto<\/h3>\t\t\t\t<\/div>\n\t\t\t\t<\/div>\n\t\t\t\t<div class=\"elementor-element elementor-element-9b33615 elementor-widget-divider--view-line elementor-widget elementor-widget-divider\" data-id=\"9b33615\" data-element_type=\"widget\" data-widget_type=\"divider.default\">\n\t\t\t\t<div class=\"elementor-widget-container\">\n\t\t\t\t\t\t\t<div class=\"elementor-divider\">\n\t\t\t<span class=\"elementor-divider-separator\">\n\t\t\t\t\t\t<\/span>\n\t\t<\/div>\n\t\t\t\t\t\t<\/div>\n\t\t\t\t<\/div>\n\t\t\t\t<div class=\"elementor-element elementor-element-36b36c1 elementor-widget elementor-widget-text-editor\" data-id=\"36b36c1\" data-element_type=\"widget\" data-widget_type=\"text-editor.default\">\n\t\t\t\t<div class=\"elementor-widget-container\">\n\t\t\t\t\t\t\t\t\t<p>Goditi l&#8217;estate e le tue cene con il nostro miglior pesce fresco e senza uscire da Bari! <br \/>Puoi scegliere tra due ambienti esterni pensati per assicurarti il massimo del comfort e della privacy, uno antistante l&#8217;ingresso di Marisqueria e l&#8217;altro (particolarmente riservato) adiacente alla\u00a0 nostra Cucina di Mare.\u00a0<\/p>\t\t\t\t\t\t\t\t<\/div>\n\t\t\t\t<\/div>\n\t\t\t\t<div class=\"elementor-element elementor-element-edcfcdb elementor-align-center elementor-widget elementor-widget-button\" data-id=\"edcfcdb\" data-element_type=\"widget\" data-widget_type=\"button.default\">\n\t\t\t\t<div class=\"elementor-widget-container\">\n\t\t\t\t\t\t\t\t\t<div class=\"elementor-button-wrapper\">\n\t\t\t\t\t<a class=\"elementor-button elementor-button-link elementor-size-sm\" href=\"tel:080%20579%208523\" target=\"_blank\">\n\t\t\t\t\t\t<span class=\"elementor-button-content-wrapper\">\n\t\t\t\t\t\t<span class=\"elementor-button-icon\">\n\t\t\t\t<i aria-hidden=\"true\" class=\"fas fa-phone-alt\"><\/i>\t\t\t<\/span>\n\t\t\t\t\t\t\t\t\t<span class=\"elementor-button-text\">Prenota un tavolo all'esterno<\/span>\n\t\t\t\t\t<\/span>\n\t\t\t\t\t<\/a>\n\t\t\t\t<\/div>\n\t\t\t\t\t\t\t\t<\/div>\n\t\t\t\t<\/div>\n\t\t\t\t\t<\/div>\n\t\t<\/div>\n\t\t\t\t<div class=\"elementor-column elementor-col-50 elementor-inner-column elementor-element elementor-element-d979a10\" data-id=\"d979a10\" data-element_type=\"column\" data-settings=\"{&quot;background_background&quot;:&quot;classic&quot;}\">\n\t\t\t<div class=\"elementor-widget-wrap elementor-element-populated\">\n\t\t\t\t\t\t<div class=\"elementor-element elementor-element-f470d08 elementor-widget elementor-widget-spacer\" data-id=\"f470d08\" data-element_type=\"widget\" data-widget_type=\"spacer.default\">\n\t\t\t\t<div class=\"elementor-widget-container\">\n\t\t\t\t\t\t\t<div class=\"elementor-spacer\">\n\t\t\t<div class=\"elementor-spacer-inner\"><\/div>\n\t\t<\/div>\n\t\t\t\t\t\t<\/div>\n\t\t\t\t<\/div>\n\t\t\t\t\t<\/div>\n\t\t<\/div>\n\t\t\t\t\t<\/div>\n\t\t<\/section>\n\t\t\t\t\t<\/div>\n\t\t<\/div>\n\t\t\t\t\t<\/div>\n\t\t<\/section>\n\t\t\t\t<\/div>\n\t\t","protected":false},"excerpt":{"rendered":"<p>Page not found Cucina di Mare Amiamo cucinare per te&#8230; &#8230; che amerai la nostra cucina di mare! Qualunque sia il tuo stile di vita, da Marisqueria puoi trovare il pesce pi\u00f9 fresco, direttamente dal banco Pescheria, preparato dal nostro staff con le migliori ricette della tradizione locale. Ingredienti semplici e metodi di preparazione che [&hellip;]<\/p>\n","protected":false},"author":2,"featured_media":0,"parent":0,"menu_order":0,"comment_status":"closed","ping_status":"closed","template":"","meta":{"footnotes":""},"class_list":["post-378","page","type-page","status-publish","hentry"],"yoast_head":"<!-- This site is optimized with the Yoast SEO plugin v22.9 - https:\/\/yoast.com\/wordpress\/plugins\/seo\/ -->\n<title>Cucina di mare - La Marisqueria<\/title>\n<meta name=\"description\" content=\"Dove pranzare o cenare a Bari con il miglior pesce fresco? Se sei stanco\/a del solito ristorante scopri Marisqueria! Siamo a Poggiofranco.\" \/>\n<meta name=\"robots\" content=\"index, follow, max-snippet:-1, max-image-preview:large, max-video-preview:-1\" \/>\n<link rel=\"canonical\" href=\"http:\/\/lamarisqueria.it\/en\/cucina-di-mare\/\" \/>\n<meta property=\"og:locale\" content=\"en_GB\" \/>\n<meta property=\"og:type\" content=\"article\" \/>\n<meta property=\"og:title\" content=\"Cucina di mare - La Marisqueria\" \/>\n<meta property=\"og:description\" content=\"Dove pranzare o cenare a Bari con il miglior pesce fresco? Se sei stanco\/a del solito ristorante scopri Marisqueria! Siamo a Poggiofranco.\" \/>\n<meta property=\"og:url\" content=\"http:\/\/lamarisqueria.it\/en\/cucina-di-mare\/\" \/>\n<meta property=\"og:site_name\" content=\"La Marisqueria\" \/>\n<meta property=\"article:modified_time\" content=\"2026-03-24T15:38:37+00:00\" \/>\n<meta name=\"twitter:card\" content=\"summary_large_image\" \/>\n<meta name=\"twitter:label1\" content=\"Estimated reading time\" \/>\n\t<meta name=\"twitter:data1\" content=\"1 minute\" \/>\n<script type=\"application\/ld+json\" class=\"yoast-schema-graph\">{\"@context\":\"https:\/\/schema.org\",\"@graph\":[{\"@type\":\"WebPage\",\"@id\":\"http:\/\/lamarisqueria.it\/en\/cucina-di-mare\/\",\"url\":\"http:\/\/lamarisqueria.it\/en\/cucina-di-mare\/\",\"name\":\"Cucina di mare - La Marisqueria\",\"isPartOf\":{\"@id\":\"https:\/\/lamarisqueria.it\/#website\"},\"datePublished\":\"2021-11-30T15:09:03+00:00\",\"dateModified\":\"2026-03-24T15:38:37+00:00\",\"description\":\"Dove pranzare o cenare a Bari con il miglior pesce fresco? Se sei stanco\/a del solito ristorante scopri Marisqueria! Siamo a Poggiofranco.\",\"breadcrumb\":{\"@id\":\"http:\/\/lamarisqueria.it\/en\/cucina-di-mare\/#breadcrumb\"},\"inLanguage\":\"en-GB\",\"potentialAction\":[{\"@type\":\"ReadAction\",\"target\":[\"http:\/\/lamarisqueria.it\/en\/cucina-di-mare\/\"]}]},{\"@type\":\"BreadcrumbList\",\"@id\":\"http:\/\/lamarisqueria.it\/en\/cucina-di-mare\/#breadcrumb\",\"itemListElement\":[{\"@type\":\"ListItem\",\"position\":1,\"name\":\"Home\",\"item\":\"https:\/\/lamarisqueria.it\/\"},{\"@type\":\"ListItem\",\"position\":2,\"name\":\"Cucina di mare\"}]},{\"@type\":\"WebSite\",\"@id\":\"https:\/\/lamarisqueria.it\/#website\",\"url\":\"https:\/\/lamarisqueria.it\/\",\"name\":\"La Marisqueria\",\"description\":\"Pescheria e Cucina di Mare\",\"potentialAction\":[{\"@type\":\"SearchAction\",\"target\":{\"@type\":\"EntryPoint\",\"urlTemplate\":\"https:\/\/lamarisqueria.it\/?s={search_term_string}\"},\"query-input\":\"required name=search_term_string\"}],\"inLanguage\":\"en-GB\"}]}<\/script>\n<!-- \/ Yoast SEO plugin. -->","yoast_head_json":{"title":"Cucina di mare - La Marisqueria","description":"Dove pranzare o cenare a Bari con il miglior pesce fresco? Se sei stanco\/a del solito ristorante scopri Marisqueria! Siamo a Poggiofranco.","robots":{"index":"index","follow":"follow","max-snippet":"max-snippet:-1","max-image-preview":"max-image-preview:large","max-video-preview":"max-video-preview:-1"},"canonical":"http:\/\/lamarisqueria.it\/en\/cucina-di-mare\/","og_locale":"en_GB","og_type":"article","og_title":"Cucina di mare - La Marisqueria","og_description":"Dove pranzare o cenare a Bari con il miglior pesce fresco? Se sei stanco\/a del solito ristorante scopri Marisqueria! Siamo a Poggiofranco.","og_url":"http:\/\/lamarisqueria.it\/en\/cucina-di-mare\/","og_site_name":"La Marisqueria","article_modified_time":"2026-03-24T15:38:37+00:00","twitter_card":"summary_large_image","twitter_misc":{"Estimated reading time":"1 minute"},"schema":{"@context":"https:\/\/schema.org","@graph":[{"@type":"WebPage","@id":"http:\/\/lamarisqueria.it\/en\/cucina-di-mare\/","url":"http:\/\/lamarisqueria.it\/en\/cucina-di-mare\/","name":"Cucina di mare - La Marisqueria","isPartOf":{"@id":"https:\/\/lamarisqueria.it\/#website"},"datePublished":"2021-11-30T15:09:03+00:00","dateModified":"2026-03-24T15:38:37+00:00","description":"Dove pranzare o cenare a Bari con il miglior pesce fresco? Se sei stanco\/a del solito ristorante scopri Marisqueria! Siamo a Poggiofranco.","breadcrumb":{"@id":"http:\/\/lamarisqueria.it\/en\/cucina-di-mare\/#breadcrumb"},"inLanguage":"en-GB","potentialAction":[{"@type":"ReadAction","target":["http:\/\/lamarisqueria.it\/en\/cucina-di-mare\/"]}]},{"@type":"BreadcrumbList","@id":"http:\/\/lamarisqueria.it\/en\/cucina-di-mare\/#breadcrumb","itemListElement":[{"@type":"ListItem","position":1,"name":"Home","item":"https:\/\/lamarisqueria.it\/"},{"@type":"ListItem","position":2,"name":"Cucina di mare"}]},{"@type":"WebSite","@id":"https:\/\/lamarisqueria.it\/#website","url":"https:\/\/lamarisqueria.it\/","name":"La Marisqueria","description":"Pescheria e Cucina di Mare","potentialAction":[{"@type":"SearchAction","target":{"@type":"EntryPoint","urlTemplate":"https:\/\/lamarisqueria.it\/?s={search_term_string}"},"query-input":"required name=search_term_string"}],"inLanguage":"en-GB"}]}},"_links":{"self":[{"href":"https:\/\/lamarisqueria.it\/en\/wp-json\/wp\/v2\/pages\/378","targetHints":{"allow":["GET"]}}],"collection":[{"href":"https:\/\/lamarisqueria.it\/en\/wp-json\/wp\/v2\/pages"}],"about":[{"href":"https:\/\/lamarisqueria.it\/en\/wp-json\/wp\/v2\/types\/page"}],"author":[{"embeddable":true,"href":"https:\/\/lamarisqueria.it\/en\/wp-json\/wp\/v2\/users\/2"}],"replies":[{"embeddable":true,"href":"https:\/\/lamarisqueria.it\/en\/wp-json\/wp\/v2\/comments?post=378"}],"version-history":[{"count":69,"href":"https:\/\/lamarisqueria.it\/en\/wp-json\/wp\/v2\/pages\/378\/revisions"}],"predecessor-version":[{"id":2913,"href":"https:\/\/lamarisqueria.it\/en\/wp-json\/wp\/v2\/pages\/378\/revisions\/2913"}],"wp:attachment":[{"href":"https:\/\/lamarisqueria.it\/en\/wp-json\/wp\/v2\/media?parent=378"}],"curies":[{"name":"wp","href":"https:\/\/api.w.org\/{rel}","templated":true}]}}