{"id":3,"date":"2021-10-26T15:33:04","date_gmt":"2021-10-26T15:33:04","guid":{"rendered":"http:\/\/lamarisqueria.it\/?page_id=3"},"modified":"2021-11-30T17:00:04","modified_gmt":"2021-11-30T16:00:04","slug":"privacy-policy","status":"publish","type":"page","link":"https:\/\/lamarisqueria.it\/en\/privacy-policy\/","title":{"rendered":"Privacy Policy"},"content":{"rendered":"<div data-elementor-type=\"wp-page\" data-elementor-id=\"3\" class=\"elementor elementor-3\" data-elementor-post-type=\"page\">\n\t\t\t\t\t\t<section class=\"elementor-section elementor-top-section elementor-element elementor-element-37fbfd8d elementor-section-boxed elementor-section-height-default elementor-section-height-default\" data-id=\"37fbfd8d\" data-element_type=\"section\">\n\t\t\t\t\t\t<div class=\"elementor-container elementor-column-gap-default\">\n\t\t\t\t\t<div class=\"elementor-column elementor-col-100 elementor-top-column elementor-element elementor-element-6fab9c56\" data-id=\"6fab9c56\" data-element_type=\"column\">\n\t\t\t<div class=\"elementor-widget-wrap elementor-element-populated\">\n\t\t\t\t\t\t<div class=\"elementor-element elementor-element-1113a08 elementor-widget elementor-widget-heading\" data-id=\"1113a08\" data-element_type=\"widget\" data-widget_type=\"heading.default\">\n\t\t\t\t<div class=\"elementor-widget-container\">\n\t\t\t\t\t<h2 class=\"elementor-heading-title elementor-size-default\">Privacy Policy<\/h2>\t\t\t\t<\/div>\n\t\t\t\t<\/div>\n\t\t\t\t<div class=\"elementor-element elementor-element-55afe178 elementor-widget elementor-widget-text-editor\" data-id=\"55afe178\" data-element_type=\"widget\" data-widget_type=\"text-editor.default\">\n\t\t\t\t<div class=\"elementor-widget-container\">\n\t\t\t\t\t\t\t\t\t\n<div class=\"menu-wrapper no-header\">\n<div id=\"masthead\" class=\"navbar menu-primary menu-light submenu-light menu-add-padding style-light-original menu-absolute menu-with-logo\">\n<div class=\"menu-container style-color-xsdn-bg menu-no-borders\">\n<div class=\"row-menu row-offcanvas\">\n<div class=\"row-menu-inner row-brand menu-horizontal-inner\">\n<div id=\"logo-container-mobile\" class=\"col-lg-0 logo-container middle\">\n<div id=\"main-logo\" class=\"navbar-header style-light\">\n<div class=\"logo-image main-logo logo-skinnable\" data-maxheight=\"180\">Marisqueria s.r.l. con sede in Bari, Via Mazzitelli 244\/246 \u2013 cap. 70124 \u2013 P.iva 08259370727 in qualit\u00e0 di titolare del trattamento dei dati personali ai sensi della normativa italiana applicabile pro tempore in materia di protezione dei dati personali e del Regolamento UE 2016\/679, riconosce l\u2019importanza della protezione dei dati personali e considera la sua tutela uno degli obiettivi principali della propria attivit\u00e0. Prima di comunicare qualsiasi dato personale, Marisqueria s.r.l ti invita a leggere con attenzione la presente privacy policy, poich\u00e9 contiene informazioni importanti sulla tutela dei dati personali e sulle misure di sicurezza adottate per garantirne la riservatezza nel pieno rispetto della normativa applicabile.<\/div>\n<\/div>\n<\/div>\n<\/div>\n<\/div>\n<\/div>\n<\/div>\n<\/div>\n<div class=\"main-wrapper\">\n<div class=\"main-container\">\n<div class=\"page-wrapper\">\n<div class=\"sections-container\">\n<article id=\"post-87779\" class=\"page-body style-light-bg post-87779 page type-page status-publish hentry\">\n<div class=\"post-wrapper\">\n<div class=\"post-body\">\n<div class=\"post-content un-no-sidebar-layout\">\n<div class=\"vc_row row-container\" data-parent=\"true\" data-section=\"0\">\n<div class=\"row limit-width row-parent\" data-imgready=\"true\">\n<div class=\"wpb_row row-inner\">\n<div class=\"wpb_column pos-top pos-center align_left column_parent col-lg-12 single-internal-gutter\">\n<div class=\"uncol style-light\">\n<div class=\"uncoltable\">\n<div class=\"uncell no-block-padding\">\n<div class=\"uncont\">\n<div class=\"uncode_text_column legal\">\n<p>La presente Privacy Policy, inoltre:<\/p>\n<ul>\n<li>si intende resa solo per il sito\u00a0<a href=\"https:\/\/lamarisqueria.it\/en\/\">www.lamarisqueria.it<\/a>\u00a0mentre non si applica ad altri siti web eventualmente consultati tramite link esterni;<\/li>\n<li>\u00e8 da intendersi quale Informativa resa ai sensi dell\u2019art. 13 Regolamento (UE) 2016\/679 a coloro che interagiscono con il Sito; Marisqueria s.r.l ti informa che il trattamento dei tuoi dati personali sar\u00e0 improntato ai principi di liceit\u00e0, correttezza, trasparenza, limitazione delle finalit\u00e0 e della conservazione, minimizzazione dei dati, esattezza, integrit\u00e0 e riservatezza. I tuoi dati personali verranno pertanto trattati in accordo alle disposizioni legislative della Normativa Applicabile e degli obblighi di riservatezza ivi previsti.<\/li>\n<\/ul>\n<ol>\n<li><strong>TITOLARE DEL TRATTAMENTO<\/strong><\/li>\n<\/ol>\n<p>Titolare del trattamento del Sito \u00e8 Marisqueria s.r.l. come pi\u00f9 sopra definito. Per qualunque informazione inerente il trattamento dei dati personali da parte di Marisqueria s.r.l. nonch\u00e9 per ottenere l\u2019elenco dei responsabili che trattano i dati, puoi contattare la sottoscritta azienda al seguente indirizzo e-mail: info@lamarisqueria.it<\/p>\n<ol start=\"2\">\n<li><strong>DATI PERSONALI OGGETTO DI TRATTAMENTO<\/strong><\/li>\n<\/ol>\n<p>Per \u201cDati Personali\u201d si intende qualsiasi informazione riguardante una persona fisica identificata o identificabile con particolare riferimento a un identificativo come il nome, un numero di identificazione, dati relativi all\u2019ubicazione, un identificativo online o a uno o pi\u00f9 elementi caratteristici della sua identit\u00e0 fisica, fisiologica, psichica, economica, culturale o sociale. I Dati Personali raccolti dal Sito sono i seguenti:<\/p>\n<ul>\n<li>Dati di navigazione I sistemi informatici del Sito raccolgono alcuni Dati Personali la cui trasmissione \u00e8 implicita nell\u2019uso dei protocolli di comunicazione di Internet. Si tratta di informazioni che non sono raccolte per essere associate a te, ma che per loro stessa natura potrebbero, attraverso elaborazioni ed associazioni con dati detenuti da terzi, permettere di identificarti. Tra questi ci sono gli indirizzi IP o i nomi a dominio dei dispositivi utilizzati per connetterti al Sito, gli indirizzi in notazione URI (Uniform Resource Identifier) delle risorse richieste, l\u2019orario della richiesta, il metodo utilizzato nel sottoporre la richiesta al server, la dimensione del file ottenuto in risposta, il codice numerico indicante lo stato della risposta data dal server (buon fine, errore, ecc.) ed altri parametri relativi al tuo sistema operativo e ambiente informatico. Questi dati vengono utilizzati al fine di ricavare informazioni statistiche anonime sull\u2019uso del Sito e per controllarne il corretto funzionamento; per permettere \u2013 vista l\u2019architettura dei sistemi utilizzati \u2013 la corretta erogazione delle varie funzionalit\u00e0 da te richieste, per ragioni di sicurezza e di accertamento di responsabilit\u00e0 in caso di ipotetici reati informatici ai danni del Sito o di terzi.<\/li>\n<li>Dati forniti volontariamente Attraverso il Sito hai la possibilit\u00e0 di fornire volontariamente i tuoi Dati Personali:<\/li>\n<li>form \u201cContatti\u201d per contattare Marisqueria s.r.l per informazioni e\/o richieste di preventivi (dati forniti: nome e cognome e\/o ragione sociale e indirizzo e-mail); Marisqueria s.r.l tratter\u00e0 questi dati nel rispetto della Normativa Applicabile, assumendo che siano riferiti a te o a terzi soggetti che ti hanno espressamente autorizzato a conferirli in base ad un\u2019idonea base giuridica che legittima il trattamento dei dati in questione. Rispetto a tali ipotesi, ti poni come autonomo titolare del trattamento, assumendoti tutti gli obblighi e le responsabilit\u00e0 di legge. In tal senso, conferisci sul punto la pi\u00f9 ampia manleva rispetto ad ogni contestazione, pretesa, richiesta di risarcimento del danno da trattamento, etc. che dovesse pervenire da terzi soggetti i cui Dati Personali siano stati trattati attraverso il tuo utilizzo del Sito in violazione della Normativa Applicabile.<\/li>\n<li>Cookie e tecnologie affini Marisqueria s.r.l raccoglie Dati Personali attraverso cookies. Maggiori informazioni sull\u2019uso dei cookie e tecnologie affini sono disponibili continuando la lettura del presente documento.<\/li>\n<\/ul>\n<ol start=\"3\">\n<li><strong>FINALITA\u2019, BASE GIURIDICA E NATURA OBBLIGATORIA O FACOLTATIVA DEL TRATTAMENTO<\/strong><\/li>\n<\/ol>\n<p>I Dati Personali che fornisci attraverso il Sito saranno trattati da Marisqueria s.r.l per le seguenti finalit\u00e0: a) finalit\u00e0 inerenti l\u2019esecuzione di un contratto di cui sei parte o all\u2019esecuzione di misure precontrattuali adottate su tua richiesta (es: richiesta di informazioni tramite il modulo \u201cContatti\u201d; b) finalit\u00e0 relative all\u2019adempimento di un obbligo legale al quale Marisqueria s.r.l e\u0300 soggetto; c) finalit\u00e0 necessarie ad accertare, esercitare o difendere un diritto in sede giudiziaria o ogniqualvolta le autorit\u00e0 giurisdizionali esercitino le loro funzioni giurisdizionali; La base legale del trattamento di Dati Personali \u00e8 la seguente: Finalit\u00e0 di cui al punto a) \u00e8 il riscontro ad una richiesta che non richiede il consenso ai sensi della Normativa Applicabile, perch\u00e9 il trattamento \u00e8 necessario all\u2019esecuzione di un contratto o misure precontrattuali (articolo 6 paragrafo 1 Regolamento UE 2016\/679); Finalit\u00e0 di cui ai punti b) e c) rappresenta un trattamento legittimo di Dati Personali ai sensi della Normativa Applicabile in quanto, una volta conferiti i Dati Personali, il trattamento \u00e8 invero necessario per adempiere ad un obbligo di legge a cui Marisqueria s.r.l \u00e8 soggetto o ad esercitare il suo diritto di difesa in giudizio. Il conferimento dei tuoi Dati Personali per la finalit\u00e0 sopra elencate \u00e8 facoltativo, ma il loro eventuale mancato conferimento potrebbe rendere impossibile riscontrare una tua richiesta o adempiere ad un obbligo legale a cui Marisqueria s.r.l potrebbe essere soggetto.<\/p>\n<ol start=\"4\">\n<li><strong>DESTINATARI<\/strong><\/li>\n<\/ol>\n<p>I tuoi Dati Personali potranno essere condivisi con: \u2022 soggetti necessari per l\u2019erogazione dei servizi offerti dal Sito tra cui a titolo esemplificativo l\u2019analisi del funzionamento del Sito e\/o servizio di hosting, che agiscono tipicamente in qualit\u00e0 di responsabili del trattamento di Marisqueria s.r.l.;<\/p>\n<ul>\n<li>persone autorizzate da Marisqueria s.r.l. al trattamento dei Dati Personali che si siano impegnate alla riservatezza o abbiano un adeguato obbligo legale di riservatezza (es. dipendenti e collaboratori di Marisqueria s.r.l<\/li>\n<li>autorit\u00e0 giurisdizionali nell\u2019esercizio delle loro funzioni quando richiesto dalla Normativa Applicabile.<\/li>\n<\/ul>\n<ol start=\"5\">\n<li><strong>CONSERVAZIONE DEI DATI<\/strong><br \/>Marisqueria s.r.l tratter\u00e0 i tuoi Dati Personali per il tempo strettamente necessario a raggiungere gli scopi indicati al punto 3. Fatto salvo quanto sopra, Marisqueria s.r.l tratter\u00e0 i tuoi Dati Personali fino al tempo permesso dalla legge Italiana a tutela dei propri interessi (Artt. 2946 e 2947(1)(3) c.c.). Maggiori informazioni in merito al periodo di conservazione dei Dati Personali e ai criteri utilizzati per determinare tale periodo possono essere richieste scrivendo al seguente indirizzo e-mail: info@lamarisqueria.it<\/li>\n<li><strong>I TUOI DIRITTI<\/strong><\/li>\n<\/ol>\n<p>Nei limiti della Normativa Applicabile, hai il diritto di chiedere a Marisqueria s.r.l in qualunque momento, l\u2019accesso ai tuoi Dati Personali, la rettifica o la cancellazione degli stessi o di opporti al loro trattamento, la limitazione del trattamento nonch\u00e9 di ottenere in un formato strutturato, di uso comune e leggibile da dispositivo automatico i dati che ti riguardano. Le richieste vanno rivolte via e-mail all\u2019indirizzo: info@lamarisqueria.it Ai sensi della Normativa Applicabile, hai in ogni caso il diritto di proporre reclamo all\u2019autorit\u00e0 di controllo competente (Garante per la Protezione dei Dati Personali) qualora ritenessi che il trattamento dei tuoi Dati Personali sia contrario alla normativa vigente.<\/p>\n<ol start=\"7\">\n<li><strong>MODIFICHE<\/strong><\/li>\n<\/ol>\n<p>La presente Privacy Policy \u00e8 in vigore dal 25 maggio 2018. Marisqueria s.r.l si riserva di modificarne o semplicemente aggiornarne il contenuto, in parte o completamente, anche a causa di variazioni della Normativa Applicabile. Marisqueria s.r.l ti invita quindi a visitare con regolarit\u00e0 questa sezione per prendere cognizione della pi\u00f9 recente ed aggiornata versione della Privacy Policy in modo che tu sia sempre aggiornato sui dati raccolti.<\/p>\n<\/div>\n<\/div>\n<\/div>\n<\/div>\n<\/div>\n<\/div>\n<\/div>\n<\/div>\n<\/div>\n<\/div>\n<\/div>\n<\/div>\n<\/article>\n<\/div>\n<\/div>\n<\/div>\n<\/div>\n\t\t\t\t\t\t\t\t<\/div>\n\t\t\t\t<\/div>\n\t\t\t\t\t<\/div>\n\t\t<\/div>\n\t\t\t\t\t<\/div>\n\t\t<\/section>\n\t\t\t\t<\/div>","protected":false},"excerpt":{"rendered":"<p>Privacy Policy Marisqueria s.r.l. con sede in Bari, Via Mazzitelli 244\/246 \u2013 cap. 70124 \u2013 P.iva 08259370727 in qualit\u00e0 di titolare del trattamento dei dati personali ai sensi della normativa italiana applicabile pro tempore in materia di protezione dei dati personali e del Regolamento UE 2016\/679, riconosce l\u2019importanza della protezione dei dati personali e considera [&hellip;]<\/p>\n","protected":false},"author":2,"featured_media":0,"parent":0,"menu_order":0,"comment_status":"closed","ping_status":"open","template":"","meta":{"footnotes":""},"class_list":["post-3","page","type-page","status-publish","hentry"],"yoast_head":"<!-- This site is optimized with the Yoast SEO plugin v22.9 - https:\/\/yoast.com\/wordpress\/plugins\/seo\/ -->\n<title>Privacy Policy - La Marisqueria<\/title>\n<meta name=\"robots\" content=\"noindex, nofollow\" \/>\n<meta property=\"og:locale\" content=\"en_GB\" \/>\n<meta property=\"og:type\" content=\"article\" \/>\n<meta property=\"og:title\" content=\"Privacy Policy - La Marisqueria\" \/>\n<meta property=\"og:description\" content=\"Privacy Policy Marisqueria s.r.l. con sede in Bari, Via Mazzitelli 244\/246 \u2013 cap. 70124 \u2013 P.iva 08259370727 in qualit\u00e0 di titolare del trattamento dei dati personali ai sensi della normativa italiana applicabile pro tempore in materia di protezione dei dati personali e del Regolamento UE 2016\/679, riconosce l\u2019importanza della protezione dei dati personali e considera [&hellip;]\" \/>\n<meta property=\"og:url\" content=\"https:\/\/lamarisqueria.it\/en\/privacy-policy\/\" \/>\n<meta property=\"og:site_name\" content=\"La Marisqueria\" \/>\n<meta property=\"article:modified_time\" content=\"2021-11-30T16:00:04+00:00\" \/>\n<meta name=\"twitter:card\" content=\"summary_large_image\" \/>\n<meta name=\"twitter:label1\" content=\"Estimated reading time\" \/>\n\t<meta name=\"twitter:data1\" content=\"6 minutes\" \/>\n<script type=\"application\/ld+json\" class=\"yoast-schema-graph\">{\"@context\":\"https:\/\/schema.org\",\"@graph\":[{\"@type\":\"WebPage\",\"@id\":\"https:\/\/lamarisqueria.it\/privacy-policy\/\",\"url\":\"https:\/\/lamarisqueria.it\/privacy-policy\/\",\"name\":\"Privacy Policy - La Marisqueria\",\"isPartOf\":{\"@id\":\"https:\/\/lamarisqueria.it\/#website\"},\"datePublished\":\"2021-10-26T15:33:04+00:00\",\"dateModified\":\"2021-11-30T16:00:04+00:00\",\"breadcrumb\":{\"@id\":\"https:\/\/lamarisqueria.it\/privacy-policy\/#breadcrumb\"},\"inLanguage\":\"en-GB\",\"potentialAction\":[{\"@type\":\"ReadAction\",\"target\":[\"https:\/\/lamarisqueria.it\/privacy-policy\/\"]}]},{\"@type\":\"BreadcrumbList\",\"@id\":\"https:\/\/lamarisqueria.it\/privacy-policy\/#breadcrumb\",\"itemListElement\":[{\"@type\":\"ListItem\",\"position\":1,\"name\":\"Home\",\"item\":\"https:\/\/lamarisqueria.it\/\"},{\"@type\":\"ListItem\",\"position\":2,\"name\":\"Privacy Policy\"}]},{\"@type\":\"WebSite\",\"@id\":\"https:\/\/lamarisqueria.it\/#website\",\"url\":\"https:\/\/lamarisqueria.it\/\",\"name\":\"La Marisqueria\",\"description\":\"Pescheria e Cucina di Mare\",\"potentialAction\":[{\"@type\":\"SearchAction\",\"target\":{\"@type\":\"EntryPoint\",\"urlTemplate\":\"https:\/\/lamarisqueria.it\/?s={search_term_string}\"},\"query-input\":\"required name=search_term_string\"}],\"inLanguage\":\"en-GB\"}]}<\/script>\n<!-- \/ Yoast SEO plugin. -->","yoast_head_json":{"title":"Privacy Policy - La Marisqueria","robots":{"index":"noindex","follow":"nofollow"},"og_locale":"en_GB","og_type":"article","og_title":"Privacy Policy - La Marisqueria","og_description":"Privacy Policy Marisqueria s.r.l. con sede in Bari, Via Mazzitelli 244\/246 \u2013 cap. 70124 \u2013 P.iva 08259370727 in qualit\u00e0 di titolare del trattamento dei dati personali ai sensi della normativa italiana applicabile pro tempore in materia di protezione dei dati personali e del Regolamento UE 2016\/679, riconosce l\u2019importanza della protezione dei dati personali e considera [&hellip;]","og_url":"https:\/\/lamarisqueria.it\/en\/privacy-policy\/","og_site_name":"La Marisqueria","article_modified_time":"2021-11-30T16:00:04+00:00","twitter_card":"summary_large_image","twitter_misc":{"Estimated reading time":"6 minutes"},"schema":{"@context":"https:\/\/schema.org","@graph":[{"@type":"WebPage","@id":"https:\/\/lamarisqueria.it\/privacy-policy\/","url":"https:\/\/lamarisqueria.it\/privacy-policy\/","name":"Privacy Policy - La Marisqueria","isPartOf":{"@id":"https:\/\/lamarisqueria.it\/#website"},"datePublished":"2021-10-26T15:33:04+00:00","dateModified":"2021-11-30T16:00:04+00:00","breadcrumb":{"@id":"https:\/\/lamarisqueria.it\/privacy-policy\/#breadcrumb"},"inLanguage":"en-GB","potentialAction":[{"@type":"ReadAction","target":["https:\/\/lamarisqueria.it\/privacy-policy\/"]}]},{"@type":"BreadcrumbList","@id":"https:\/\/lamarisqueria.it\/privacy-policy\/#breadcrumb","itemListElement":[{"@type":"ListItem","position":1,"name":"Home","item":"https:\/\/lamarisqueria.it\/"},{"@type":"ListItem","position":2,"name":"Privacy Policy"}]},{"@type":"WebSite","@id":"https:\/\/lamarisqueria.it\/#website","url":"https:\/\/lamarisqueria.it\/","name":"La Marisqueria","description":"Pescheria e Cucina di Mare","potentialAction":[{"@type":"SearchAction","target":{"@type":"EntryPoint","urlTemplate":"https:\/\/lamarisqueria.it\/?s={search_term_string}"},"query-input":"required name=search_term_string"}],"inLanguage":"en-GB"}]}},"_links":{"self":[{"href":"https:\/\/lamarisqueria.it\/en\/wp-json\/wp\/v2\/pages\/3","targetHints":{"allow":["GET"]}}],"collection":[{"href":"https:\/\/lamarisqueria.it\/en\/wp-json\/wp\/v2\/pages"}],"about":[{"href":"https:\/\/lamarisqueria.it\/en\/wp-json\/wp\/v2\/types\/page"}],"author":[{"embeddable":true,"href":"https:\/\/lamarisqueria.it\/en\/wp-json\/wp\/v2\/users\/2"}],"replies":[{"embeddable":true,"href":"https:\/\/lamarisqueria.it\/en\/wp-json\/wp\/v2\/comments?post=3"}],"version-history":[{"count":4,"href":"https:\/\/lamarisqueria.it\/en\/wp-json\/wp\/v2\/pages\/3\/revisions"}],"predecessor-version":[{"id":391,"href":"https:\/\/lamarisqueria.it\/en\/wp-json\/wp\/v2\/pages\/3\/revisions\/391"}],"wp:attachment":[{"href":"https:\/\/lamarisqueria.it\/en\/wp-json\/wp\/v2\/media?parent=3"}],"curies":[{"name":"wp","href":"https:\/\/api.w.org\/{rel}","templated":true}]}}